{"id":9895,"date":"2025-02-04T07:54:31","date_gmt":"2025-02-04T07:54:31","guid":{"rendered":"https:\/\/fomentmartinenc.jcgimiso.net\/fomentmartinenc\/?page_id=9895"},"modified":"2025-02-04T19:40:54","modified_gmt":"2025-02-04T19:40:54","slug":"historia","status":"publish","type":"page","link":"https:\/\/fomentmartinenc.jcgimiso.net\/fomentmartinenc\/index.php\/historia\/","title":{"rendered":"Hist\u00f2ria"},"content":{"rendered":"<p style=\"text-align: justify;\">La hist\u00f2ria del Foment Martinenc va molt lligada a la de Sant Mart\u00ed de Proven\u00e7als. El Foment es va constituir l&#8217;any 1877, sota l\u2019impuls dels joves esmentats a \u201cEl Martinense\u201d i a \u201cEl Debate\u201d. El local obr\u00ed les portes els primers dies de l&#8217;any 1878 i l&#8217;octubre del mateix any es donaren a con\u00e8ixer a la premsa els estatuts, a punt d&#8217;\u00e9sser presentats al Govern Civil, qui va emetre el perm\u00eds corresponent el 28 de febrer de 1879. Aquest llarg proc\u00e9s no \u00e9s gens rar per a l\u2019\u00e8poca, ja que \u00e9s tractava primordialment d&#8217;un centre obrer i amb un esperit d\u2019aven\u00e7 ideol\u00f2gic. Cal recordar que transcorria en ple r\u00e8gim de la Restauraci\u00f3 Borb\u00f2nica, on les forces obreres i populars eren vistes amb desconfian\u00e7a i la formaci\u00f3 de qualsevol entitat havia de passar per uns tr\u00e0mits burocr\u00e0tics for\u00e7a enutjosos.<\/p>\n<p style=\"text-align: justify;\">La finalitat de la seva creaci\u00f3 va quedar reflectida en una divisa que a partir de l\u2019any 1904 constar\u00e0 en l\u2019\u00e0lbum dels fets m\u00e9s destacats de la seva vida \u201cNaci\u00f3 para la instrucci\u00f3n y para la instrucci\u00f3n vive\u201d. En el moment de la seva fundaci\u00f3, va tenir la seva seu al carrer de l\u2019Aurora, despr\u00e9s al carrer de N\u00faria, i posteriorment al carrer del Bogatell. En l\u2019actualitat est\u00e0 al carrer de Proven\u00e7a.<\/p>\n<p style=\"text-align: justify;\">L\u2019activitat pedag\u00f2gica del Foment ha estat una experi\u00e8ncia hist\u00f2rica en aquest camp, i la tasca que va dur a terme s\u2019enquadra en la millor tradici\u00f3 de l\u2019escola catalana. En els documents fundacionals s\u2019esmenta repetidament que la seva finalitat \u00e9s la de col\u00b7laborar en la instrucci\u00f3.<\/p>\n<p style=\"text-align: justify;\">\u00c9s evident que tamb\u00e9 s\u2019hi feien altres activitats, principalment teatre. Les obres de Guimer\u00e0, Ignasi Iglesias, Seraf\u00ed Pitarra i els principals dramaturgs catalans i espanyols les trobem representades a l\u2019escenari del centre<\/p>\n<p style=\"text-align: justify;\">Una de les activitats que l\u00f2gicament no podien faltar era l\u2019excursionisme. El 21 de juliol de 1908 es fund\u00e0 la Secci\u00f3 Excursionista.<\/p>\n<p style=\"text-align: justify;\">L\u2019any 1925 es fund\u00e0 una Penya d\u2019Escacs que si en un principi era \u00fanicament d\u2019esbargiment i de partides de caf\u00e9, ha esdevingut, en la actualitat una de les seccions m\u00e9s llorejada de l\u2019Associaci\u00f3.<\/p>\n<p style=\"text-align: justify;\">Una fita important fou la incorporaci\u00f3 de la dona en la vida del Foment. Inicialment, la dona no podia participar amb ple dret en la vida de la Entitat; era possibilitat que una societat duta pels homes no acceptava. Per\u00f2 la mentalitat avantguardista de l\u2019Entitat va fer que durant la Segona Rep\u00fablica, l\u2019any 1931, s\u2019impuls\u00e9s la participaci\u00f3 de la dona en la vida associativa. L\u2019any 1961 es va crear la Secci\u00f3 per a la Promoci\u00f3 Cultural de la Dona. Avui en dia el 55% de socis del Foment Martinenc s\u00f3n dones, i la Secci\u00f3 de la Dona \u00e9s una de les m\u00e9s actives de l\u2019Entitat.<\/p>\n<p style=\"text-align: justify;\">L\u2019any 1955 es fund\u00e0 la Penya Blaugrana, de ben segur gr\u00e0cies als \u00e8xits del club, tal i com passa avui.<\/p>\n<p style=\"text-align: justify;\">El darrer quart del segle XX ens porta la incorporaci\u00f3 de noves Seccions.<\/p>\n<p style=\"text-align: justify;\">La secci\u00f3 d\u2019Esbart, fundada l\u2019any 1970, \u00e9s l\u2019encarregada d\u2019ensenyar i difondre el patrimoni de danses d\u2019arreu dels Pa\u00efsos Catalans.<\/p>\n<p style=\"text-align: justify;\">Tot i que en el sal\u00f3-caf\u00e8 del Foment sempre hi havia hagut un billar per a \u00fas social, \u00e9s a partir del 1977 quan la secci\u00f3 de Billar pren un aire nou i amb continuades millores.<\/p>\n<p style=\"text-align: justify;\">Per sort, les condicions actuals de qualitat i expectatives de vida s\u00f3n molt diferents de les de l\u2019\u00e8poca de la fundaci\u00f3, all\u00e0 a les darreries del segle XIX. Aix\u00f2 port\u00e0 el Foment a considerar que l\u2019anomenada gent de la \u201ctercera edat\u201d havia de tenir el seu espai propi dins de l\u2019Associaci\u00f3, i per tant, fundar la secci\u00f3 de pensionistes, que realitza les activitats m\u00e9s apropiades al seu ritme de vida.<\/p>\n<p style=\"text-align: justify;\">Un altre esport molt arrelat com \u00e9s el tennis-taula, tamb\u00e9 ha trobat el seu espai a l\u2019Associaci\u00f3, incloent activitats des de l\u2019escola de tennis taula fins a tenir quatre equips federats.<\/p>\n<p style=\"text-align: justify;\">El comen\u00e7ament del segle XXI ens ha portat la incorporaci\u00f3 d\u2019un nou grup: Musidansi. L\u2019objectiu d\u2019aquest grup \u00e9s facilitar la integraci\u00f3 en la societat de persones amb discapacitat ps\u00edquica a trav\u00e9s de la m\u00fasica i el cant.<\/p>\n<p style=\"text-align: justify;\">El Grup Petits Somriures, de recent creaci\u00f3, tracta d\u2019omplir un espai d\u2019ajut en temes sanitaris als nens i nenes del barri.<\/p>\n<p style=\"text-align: justify;\">En l\u2019actualitat el Foment Martinenc \u00e9s una entitat plena de vida i com a prova n\u2019\u00e9s el miler de socis aconseguits el mes de novembre de 2011. La seva relaci\u00f3 amb el barri, el Districte, la Ciutat i el m\u00f3n associatiu, \u00e9s profunda i segueix acomplint el prop\u00f2sit d\u2019esser una altra casa on el soci pot trobar aquest escalf hum\u00e0 que tan poc ofereix l\u2018agitada vida actual.<\/p>\n<p style=\"text-align: justify;\">El novembre de 1976 li fou atorgat el Premi Sant Mart\u00ed en la modalitat col\u00b7lectiva per part del Districte de Sant Mart\u00ed de l\u2019Ajuntament de Barcelona.<\/p>\n<p style=\"text-align: justify;\">L\u20191 d\u2019agost de 1995 li fou atorgada, per la Generalitat de Catalunya, la Creu de Sant Jordi, tot reconeixent-li que \u201cmant\u00e9 la seva vitalitat i el seu arrelament al barri, tot i que fou clausurat el 1939 pel seu catalanisme i desenvolupa una constant tasca de promoci\u00f3 de la cultura catalana\u201d.<\/p>\n<p style=\"text-align: justify;\">L\u2019any 2012 li fou atorgada la Medalla d\u2019Honor de la Ciutat, per l\u2019Ajuntament de Barcelona.<\/p>\n","protected":false},"excerpt":{"rendered":"<p>La hist\u00f2ria del Foment Martinenc va molt lligada a la de Sant Mart\u00ed de Proven\u00e7als. El Foment es va constituir l&#8217;any 1877, sota l\u2019impuls dels joves esmentats a \u201cEl Martinense\u201d i a \u201cEl Debate\u201d. El local obr\u00ed les portes els primers dies de l&#8217;any 1878 i l&#8217;octubre del mateix any es donaren a con\u00e8ixer a&#8230;<\/p>\n","protected":false},"author":1,"featured_media":0,"parent":0,"menu_order":0,"comment_status":"closed","ping_status":"closed","template":"","meta":{"_kad_post_transparent":"default","_kad_post_title":"default","_kad_post_layout":"narrow","_kad_post_sidebar_id":"","_kad_post_content_style":"boxed","_kad_post_vertical_padding":"hide","_kad_post_feature":"","_kad_post_feature_position":"","_kad_post_header":false,"_kad_post_footer":false,"_kad_post_classname":"","footnotes":""},"class_list":["post-9895","page","type-page","status-publish","hentry"],"_links":{"self":[{"href":"https:\/\/fomentmartinenc.jcgimiso.net\/fomentmartinenc\/index.php\/wp-json\/wp\/v2\/pages\/9895","targetHints":{"allow":["GET"]}}],"collection":[{"href":"https:\/\/fomentmartinenc.jcgimiso.net\/fomentmartinenc\/index.php\/wp-json\/wp\/v2\/pages"}],"about":[{"href":"https:\/\/fomentmartinenc.jcgimiso.net\/fomentmartinenc\/index.php\/wp-json\/wp\/v2\/types\/page"}],"author":[{"embeddable":true,"href":"https:\/\/fomentmartinenc.jcgimiso.net\/fomentmartinenc\/index.php\/wp-json\/wp\/v2\/users\/1"}],"replies":[{"embeddable":true,"href":"https:\/\/fomentmartinenc.jcgimiso.net\/fomentmartinenc\/index.php\/wp-json\/wp\/v2\/comments?post=9895"}],"version-history":[{"count":31,"href":"https:\/\/fomentmartinenc.jcgimiso.net\/fomentmartinenc\/index.php\/wp-json\/wp\/v2\/pages\/9895\/revisions"}],"predecessor-version":[{"id":10062,"href":"https:\/\/fomentmartinenc.jcgimiso.net\/fomentmartinenc\/index.php\/wp-json\/wp\/v2\/pages\/9895\/revisions\/10062"}],"wp:attachment":[{"href":"https:\/\/fomentmartinenc.jcgimiso.net\/fomentmartinenc\/index.php\/wp-json\/wp\/v2\/media?parent=9895"}],"curies":[{"name":"wp","href":"https:\/\/api.w.org\/{rel}","templated":true}]}}