{"id":9909,"date":"2025-02-04T08:11:59","date_gmt":"2025-02-04T08:11:59","guid":{"rendered":"https:\/\/fomentmartinenc.jcgimiso.net\/fomentmartinenc\/?page_id=9909"},"modified":"2025-02-04T18:58:04","modified_gmt":"2025-02-04T18:58:04","slug":"vocalia-dactivitats-culturals","status":"publish","type":"page","link":"https:\/\/fomentmartinenc.jcgimiso.net\/fomentmartinenc\/index.php\/vocalia-dactivitats-culturals\/","title":{"rendered":"Vocalia d&#8217;Activitats Culturals"},"content":{"rendered":"\n<p>La Vocalia d\u2019Activitats Culturals organitza dins el Foment Martinenc aquells actes que tenen a veure amb la potenciaci\u00f3 de la llengua, les tradicions i la cultura catalana.<\/p>\n\n\n\n<p>Els actes que es repeteixen tots els anys i que formen part del nostre calendari s\u00f3n:<\/p>\n\n\n\n<ul class=\"wp-block-list\">\n<li>Novembre: Certamen Literari<\/li>\n<\/ul>\n\n\n\n<p>Activitats que organitzem en relaci\u00f3 a les tem\u00e0tiques i interessos dels nostres socis:<\/p>\n\n\n\n<ul class=\"wp-block-list\">\n<li>Fomentem la poesia<\/li>\n\n\n\n<li>Els nostres socis: exposicions, confer\u00e8ncies, v\u00eddeos, etc.<\/li>\n\n\n\n<li>Descobrim els barris del nostre districte: visites guiades<\/li>\n\n\n\n<li>Agenda cultural barcelonina: concerts, exposicions, teatre, etc.<\/li>\n<\/ul>\n\n\n\n<p>Els nostres espais:<\/p>\n\n\n\n<ul class=\"wp-block-list\">\n<li>Sala d\u2019exposicions Manuel Cama\u00f1es<\/li>\n\n\n\n<li>Sala d\u2019actes<\/li>\n\n\n\n<li>Sales de reuni\u00f3 dels socis<\/li>\n<\/ul>\n\n\n\n<p><\/p>\n","protected":false},"excerpt":{"rendered":"<p>La Vocalia d\u2019Activitats Culturals organitza dins el Foment Martinenc aquells actes que tenen a veure amb la potenciaci\u00f3 de la llengua, les tradicions i la cultura catalana. Els actes que es repeteixen tots els anys i que formen part del nostre calendari s\u00f3n: Activitats que organitzem en relaci\u00f3 a les tem\u00e0tiques i interessos dels nostres&#8230;<\/p>\n","protected":false},"author":1,"featured_media":0,"parent":0,"menu_order":0,"comment_status":"closed","ping_status":"closed","template":"","meta":{"_kad_post_transparent":"","_kad_post_title":"","_kad_post_layout":"normal","_kad_post_sidebar_id":"","_kad_post_content_style":"boxed","_kad_post_vertical_padding":"hide","_kad_post_feature":"","_kad_post_feature_position":"","_kad_post_header":false,"_kad_post_footer":false,"_kad_post_classname":"","footnotes":""},"class_list":["post-9909","page","type-page","status-publish","hentry"],"_links":{"self":[{"href":"https:\/\/fomentmartinenc.jcgimiso.net\/fomentmartinenc\/index.php\/wp-json\/wp\/v2\/pages\/9909","targetHints":{"allow":["GET"]}}],"collection":[{"href":"https:\/\/fomentmartinenc.jcgimiso.net\/fomentmartinenc\/index.php\/wp-json\/wp\/v2\/pages"}],"about":[{"href":"https:\/\/fomentmartinenc.jcgimiso.net\/fomentmartinenc\/index.php\/wp-json\/wp\/v2\/types\/page"}],"author":[{"embeddable":true,"href":"https:\/\/fomentmartinenc.jcgimiso.net\/fomentmartinenc\/index.php\/wp-json\/wp\/v2\/users\/1"}],"replies":[{"embeddable":true,"href":"https:\/\/fomentmartinenc.jcgimiso.net\/fomentmartinenc\/index.php\/wp-json\/wp\/v2\/comments?post=9909"}],"version-history":[{"count":2,"href":"https:\/\/fomentmartinenc.jcgimiso.net\/fomentmartinenc\/index.php\/wp-json\/wp\/v2\/pages\/9909\/revisions"}],"predecessor-version":[{"id":10106,"href":"https:\/\/fomentmartinenc.jcgimiso.net\/fomentmartinenc\/index.php\/wp-json\/wp\/v2\/pages\/9909\/revisions\/10106"}],"wp:attachment":[{"href":"https:\/\/fomentmartinenc.jcgimiso.net\/fomentmartinenc\/index.php\/wp-json\/wp\/v2\/media?parent=9909"}],"curies":[{"name":"wp","href":"https:\/\/api.w.org\/{rel}","templated":true}]}}